{"id":2702,"date":"2022-06-13T11:17:57","date_gmt":"2022-06-13T11:17:57","guid":{"rendered":"https:\/\/nguvuholdings.com\/?page_id=2702"},"modified":"2024-09-15T21:08:31","modified_gmt":"2024-09-15T21:08:31","slug":"adamus-resources-plants-trees","status":"publish","type":"page","link":"https:\/\/nguvumining.com\/fr\/news\/adamus-resources-plants-trees\/","title":{"rendered":"Adamus Resources plante des arbres pour soutenir l'initiative Green Ghana"},"content":{"rendered":"","protected":false},"excerpt":{"rendered":"<p>Le vendredi 10 juin 2022, Mme Angela List, PDG de Nguvu Holdings, a dirig\u00e9 une \u00e9quipe d'Adamus et certains chefs locaux du district d'Ellemembelle pour planter des arbres en soutien \u00e0 l'agenda du pr\u00e9sident du Ghana pour verdir le pays.<\/p>","protected":false},"author":2,"featured_media":2703,"parent":109,"menu_order":0,"comment_status":"closed","ping_status":"closed","template":"","meta":{"footnotes":""},"categories":[38,34,15],"tags":[16],"class_list":["post-2702","page","type-page","status-publish","has-post-thumbnail","hentry","category-adamus","category-csr","category-news","tag-news"],"_links":{"self":[{"href":"https:\/\/nguvumining.com\/fr\/wp-json\/wp\/v2\/pages\/2702","targetHints":{"allow":["GET"]}}],"collection":[{"href":"https:\/\/nguvumining.com\/fr\/wp-json\/wp\/v2\/pages"}],"about":[{"href":"https:\/\/nguvumining.com\/fr\/wp-json\/wp\/v2\/types\/page"}],"author":[{"embeddable":true,"href":"https:\/\/nguvumining.com\/fr\/wp-json\/wp\/v2\/users\/2"}],"replies":[{"embeddable":true,"href":"https:\/\/nguvumining.com\/fr\/wp-json\/wp\/v2\/comments?post=2702"}],"version-history":[{"count":4,"href":"https:\/\/nguvumining.com\/fr\/wp-json\/wp\/v2\/pages\/2702\/revisions"}],"predecessor-version":[{"id":2869,"href":"https:\/\/nguvumining.com\/fr\/wp-json\/wp\/v2\/pages\/2702\/revisions\/2869"}],"up":[{"embeddable":true,"href":"https:\/\/nguvumining.com\/fr\/wp-json\/wp\/v2\/pages\/109"}],"wp:featuredmedia":[{"embeddable":true,"href":"https:\/\/nguvumining.com\/fr\/wp-json\/wp\/v2\/media\/2703"}],"wp:attachment":[{"href":"https:\/\/nguvumining.com\/fr\/wp-json\/wp\/v2\/media?parent=2702"}],"wp:term":[{"taxonomy":"category","embeddable":true,"href":"https:\/\/nguvumining.com\/fr\/wp-json\/wp\/v2\/categories?post=2702"},{"taxonomy":"post_tag","embeddable":true,"href":"https:\/\/nguvumining.com\/fr\/wp-json\/wp\/v2\/tags?post=2702"}],"curies":[{"name":"wp","href":"https:\/\/api.w.org\/{rel}","templated":true}]}}